{"id":2747,"date":"2021-10-07T12:49:53","date_gmt":"2021-10-07T12:49:53","guid":{"rendered":"https:\/\/www.kimbes.com\/?post_type=product&#038;p=2747"},"modified":"2024-01-12T14:47:59","modified_gmt":"2024-01-12T14:47:59","slug":"iphone-8-plus-256-go","status":"publish","type":"product","link":"https:\/\/www.kimbes.com\/index.php\/product\/iphone-8-plus-256-go\/","title":{"rendered":"iPhone 7 Plus 32 Go"},"content":{"rendered":"<p>Passez vos commandes de la<strong> iPhone 7 Plus 32 Go<\/strong> sur <a href=\"https:\/\/www.kimbes.com\">www.kimbes.com<\/a>\u00a0 et faites vous livrer dans toutes les villes du <strong>Cameroun<\/strong><\/p>\n\n\n<p><\/p>\n","protected":false},"excerpt":{"rendered":"<p>Apple iPhone 7 Plus D\u00e9bloqu\u00e9 (Reconditionn\u00e9)<\/p>\n<p>Ecran : <strong><span class=\"a-size-base\">5.5 Pouces<\/span><\/strong><\/p>\n<p>Systeme d&rsquo;exploitation : <strong><span class=\"a-size-base\">IOS<\/span><\/strong><\/p>\n<p>Capacit\u00e9 de stockage: <strong>256 Go<\/strong><\/p>\n<p>Couleur: <strong>Argent\u00e9\u00e9<\/strong><\/p>\n<p>Batterie:<strong> Plus de 80% de l&rsquo;autonomie des batteries neuves<\/strong><\/p>\n","protected":false},"featured_media":2549,"template":"","meta":{"_joinchat":[]},"_links":{"self":[{"href":"https:\/\/www.kimbes.com\/index.php\/wp-json\/wp\/v2\/product\/2747"}],"collection":[{"href":"https:\/\/www.kimbes.com\/index.php\/wp-json\/wp\/v2\/product"}],"about":[{"href":"https:\/\/www.kimbes.com\/index.php\/wp-json\/wp\/v2\/types\/product"}],"wp:featuredmedia":[{"embeddable":true,"href":"https:\/\/www.kimbes.com\/index.php\/wp-json\/wp\/v2\/media\/2549"}],"wp:attachment":[{"href":"https:\/\/www.kimbes.com\/index.php\/wp-json\/wp\/v2\/media?parent=2747"}],"curies":[{"name":"wp","href":"https:\/\/api.w.org\/{rel}","templated":true}]}}