{"id":2585,"date":"2020-10-12T10:26:38","date_gmt":"2020-10-12T10:26:38","guid":{"rendered":"https:\/\/www.kimbes.com\/?post_type=product&#038;p=2585"},"modified":"2023-10-09T17:41:55","modified_gmt":"2023-10-09T17:41:55","slug":"tp-link-routeur-300-mbps-2","status":"publish","type":"product","link":"https:\/\/www.kimbes.com\/index.php\/product\/tp-link-routeur-300-mbps-2\/","title":{"rendered":"TP-Link tedt"},"content":{"rendered":"","protected":false},"excerpt":{"rendered":"<p><span class=\"a-list-item\"><strong>ROUTEUR TP-LINK N300 WiFi<br \/>\n<\/strong><\/span><\/p>\n<ul>\n<li><span class=\"a-list-item\">\u00a0Model du produit : <strong>TL-WR841N<\/strong> <\/span><\/li>\n<li><span class=\"a-list-item\"> Vitesse sans fil: <strong>300 Mbps<\/strong><\/span><\/li>\n<li><span class=\"a-list-item\">Port\u00e9e maximale: <strong>200 m\u00e8tres<\/strong><\/span><\/li>\n<li style=\"text-align: left;\"><span class=\"a-list-item\">Interfaces: <strong>4 ports RJ45 LAN \/ 1 port RJ45 WAN<\/strong><\/span><\/li>\n<li style=\"text-align: left;\"><span class=\"a-list-item\">Type de cryptage support\u00e9: <strong>WEP, WPA, WPA2, WPA-PSK, WPA2-PSK<\/strong><\/span><\/li>\n<\/ul>\n<p>&nbsp;<\/p>\n<p><span class=\"a-list-item\">Aid\u00e9ale pour les applications sensibles aux interruptions telles que le streaming vid\u00e9o HDUne simple pression sur le bouton QSS permet de s\u00e9curiser facilement la connexion sans fil par chiffrementLe contr\u00f4le de bande passante par IP permet aux administrateurs de d\u00e9terminer la largeur de bande attribu\u00e9e \u00e0 chaque PCSupport technique assur\u00e9 par des conseillers francophones experts sur les produits TP-LINK, joignable par t\u00e9l\u00e9phone ou par courrier \u00e9lectroniqueDeux antennes renforcent consid\u00e9rablement la solidit\u00e9 et la stabilit\u00e9 de la connexion sans fil <\/span><\/p>\n<p>&nbsp;<\/p>\n","protected":false},"featured_media":2911,"template":"","meta":{"_joinchat":[]},"_links":{"self":[{"href":"https:\/\/www.kimbes.com\/index.php\/wp-json\/wp\/v2\/product\/2585"}],"collection":[{"href":"https:\/\/www.kimbes.com\/index.php\/wp-json\/wp\/v2\/product"}],"about":[{"href":"https:\/\/www.kimbes.com\/index.php\/wp-json\/wp\/v2\/types\/product"}],"wp:featuredmedia":[{"embeddable":true,"href":"https:\/\/www.kimbes.com\/index.php\/wp-json\/wp\/v2\/media\/2911"}],"wp:attachment":[{"href":"https:\/\/www.kimbes.com\/index.php\/wp-json\/wp\/v2\/media?parent=2585"}],"curies":[{"name":"wp","href":"https:\/\/api.w.org\/{rel}","templated":true}]}}