{"id":2557,"date":"2020-10-08T15:49:23","date_gmt":"2020-10-08T15:49:23","guid":{"rendered":"https:\/\/www.kimbes.com\/?post_type=product&#038;p=2557"},"modified":"2022-09-25T08:04:34","modified_gmt":"2022-09-25T08:04:34","slug":"huawei-nova-7i-128go-8go-ram-48mp-4200-mah-64-dual-sim","status":"publish","type":"product","link":"https:\/\/www.kimbes.com\/index.php\/product\/huawei-nova-7i-128go-8go-ram-48mp-4200-mah-64-dual-sim\/","title":{"rendered":"HUAWEI P30 Lite (128 Go\/4 Go)"},"content":{"rendered":"","protected":false},"excerpt":{"rendered":"<h4 class=\"a-size-large a-spacing-none\"><span id=\"productTitle\" class=\"a-size-large product-title-word-break\">HUAWEI P30 Lite Dual (128Go)\u00a0<\/span><span id=\"productTitle\" class=\"a-size-large product-title-word-break\"><\/span><\/h4>\n<ul>\n<li>Fabricant : <strong><span class=\"a-size-base\">HUAWEI<\/span><\/strong><\/li>\n<li>Ecran : <strong><span class=\"a-size-base\">6.15 Pouces<\/span><\/strong><\/li>\n<li>Processeur:\u00a0 <strong><span class=\"a-size-base\">IOSHiSilicon Kirin 710 Octa-Core<br \/>\n<\/span><\/strong><\/li>\n<li>Capacit\u00e9 de stockage: <strong>128 GB<br \/>\n<\/strong><\/li>\n<li>Couleur: <strong>Noir<\/strong><\/li>\n<li>Syst\u00e8me d&rsquo;exploitation:<strong> Android 9.0<br \/>\n<\/strong><\/li>\n<li>Camera:<strong> Arri\u00e8re 24MP cam\u00e9ra grand angle + arri\u00e8re 8MP cam\u00e9ra ultra-large + Cam\u00e9ra avant 32MP<\/strong><\/li>\n<\/ul>\n","protected":false},"featured_media":2668,"template":"","meta":{"_joinchat":[]},"_links":{"self":[{"href":"https:\/\/www.kimbes.com\/index.php\/wp-json\/wp\/v2\/product\/2557"}],"collection":[{"href":"https:\/\/www.kimbes.com\/index.php\/wp-json\/wp\/v2\/product"}],"about":[{"href":"https:\/\/www.kimbes.com\/index.php\/wp-json\/wp\/v2\/types\/product"}],"wp:featuredmedia":[{"embeddable":true,"href":"https:\/\/www.kimbes.com\/index.php\/wp-json\/wp\/v2\/media\/2668"}],"wp:attachment":[{"href":"https:\/\/www.kimbes.com\/index.php\/wp-json\/wp\/v2\/media?parent=2557"}],"curies":[{"name":"wp","href":"https:\/\/api.w.org\/{rel}","templated":true}]}}