{"id":202,"date":"2018-08-08T14:56:15","date_gmt":"2018-08-08T14:56:15","guid":{"rendered":"http:\/\/www.kimbes.com\/?post_type=product&#038;p=202"},"modified":"2023-07-13T06:55:29","modified_gmt":"2023-07-13T06:55:29","slug":"ubiquiti-nanostation-loco-m2-airmax-tdma-24-ghz","status":"publish","type":"product","link":"https:\/\/www.kimbes.com\/index.php\/product\/ubiquiti-nanostation-loco-m2-airmax-tdma-24-ghz\/","title":{"rendered":"Ubiquiti NanoStation  M5 AirMax"},"content":{"rendered":"","protected":false},"excerpt":{"rendered":"<ul>\n<li><span class=\"a-list-item\">Point d&rsquo;acc\u00e8s haute puissance 2 x 2 antennes MIMO AirMax TDMA 2,4 GHz<br \/>\n<\/span><\/li>\n<li><span class=\"a-list-item\">Technologie 2&#215;2 MIMO<\/span><\/li>\n<li><span class=\"a-list-item\">Possibilit\u00e9 de r\u00e9initialisation \u00e0 distance<br \/>\n<\/span><\/li>\n<li><span class=\"a-list-item\">\u00a0Port\u00a0 POE <\/span><\/li>\n<li><span class=\"a-list-item\"> 04 indicateur LED signal x<\/span><\/li>\n<\/ul>\n<p>&nbsp;<\/p>\n","protected":false},"featured_media":203,"template":"","meta":{"_joinchat":[]},"_links":{"self":[{"href":"https:\/\/www.kimbes.com\/index.php\/wp-json\/wp\/v2\/product\/202"}],"collection":[{"href":"https:\/\/www.kimbes.com\/index.php\/wp-json\/wp\/v2\/product"}],"about":[{"href":"https:\/\/www.kimbes.com\/index.php\/wp-json\/wp\/v2\/types\/product"}],"wp:featuredmedia":[{"embeddable":true,"href":"https:\/\/www.kimbes.com\/index.php\/wp-json\/wp\/v2\/media\/203"}],"wp:attachment":[{"href":"https:\/\/www.kimbes.com\/index.php\/wp-json\/wp\/v2\/media?parent=202"}],"curies":[{"name":"wp","href":"https:\/\/api.w.org\/{rel}","templated":true}]}}