{"id":195,"date":"2018-08-08T14:26:00","date_gmt":"2018-08-08T14:26:00","guid":{"rendered":"http:\/\/www.kimbes.com\/?post_type=product&#038;p=195"},"modified":"2021-10-07T13:17:08","modified_gmt":"2021-10-07T13:17:08","slug":"switch-tp-link-tl-sf1005d-5-ports-10-100mbps","status":"publish","type":"product","link":"https:\/\/www.kimbes.com\/index.php\/product\/switch-tp-link-tl-sf1005d-5-ports-10-100mbps\/","title":{"rendered":"Switch TP-Link 5 Ports 10\/100Mbps"},"content":{"rendered":"","protected":false},"excerpt":{"rendered":"<h3><strong>Switch TP-Link TL-SF1005D 5 Ports 10\/100Mbps<\/strong><\/h3>\n<ul>\n<li>Nombre de ports : <strong><span class=\"a-size-base\">05 ports<span class=\"a-list-item\"> RJ45\u00a0<\/span><\/span><\/strong><\/li>\n<li>Model : <strong><span class=\"a-size-base\"><span class=\"a-list-item\">Plug-and-Play<\/span><br \/>\n<\/span><\/strong><\/li>\n<li>Consommation d\u2019\u00e9nergie : <strong>J<span class=\"a-list-item\">usqu&rsquo;\u00e0 60 % d&rsquo;\u00e9conomie d&rsquo;\u00e9nergie<\/span><br \/>\n<\/strong><\/li>\n<\/ul>\n<p>&nbsp;<\/p>\n","protected":false},"featured_media":197,"template":"","meta":{"_joinchat":[]},"_links":{"self":[{"href":"https:\/\/www.kimbes.com\/index.php\/wp-json\/wp\/v2\/product\/195"}],"collection":[{"href":"https:\/\/www.kimbes.com\/index.php\/wp-json\/wp\/v2\/product"}],"about":[{"href":"https:\/\/www.kimbes.com\/index.php\/wp-json\/wp\/v2\/types\/product"}],"wp:featuredmedia":[{"embeddable":true,"href":"https:\/\/www.kimbes.com\/index.php\/wp-json\/wp\/v2\/media\/197"}],"wp:attachment":[{"href":"https:\/\/www.kimbes.com\/index.php\/wp-json\/wp\/v2\/media?parent=195"}],"curies":[{"name":"wp","href":"https:\/\/api.w.org\/{rel}","templated":true}]}}